{"id":278,"date":"2021-03-17T05:32:37","date_gmt":"2021-03-17T05:32:37","guid":{"rendered":"https:\/\/armoniadentofacial.com\/en\/?page_id=278"},"modified":"2021-05-08T00:38:14","modified_gmt":"2021-05-08T00:38:14","slug":"orthodontics","status":"publish","type":"page","link":"https:\/\/armoniadentofacial.com\/en\/orthodontics\/","title":{"rendered":"Orthodontics"},"content":{"rendered":"\n[et_pb_section fb_built=&#8221;1&#8243; custom_padding_last_edited=&#8221;on|phone&#8221; next_background_color=&#8221;#ffffff&#8221; _builder_version=&#8221;4.9.1&#8243; _module_preset=&#8221;default&#8221; use_background_color_gradient=&#8221;on&#8221; background_color_gradient_start=&#8221;rgba(0,0,0,0.36)&#8221; background_color_gradient_end=&#8221;rgba(0,0,0,0)&#8221; background_color_gradient_direction=&#8221;87deg&#8221; background_color_gradient_start_position=&#8221;2%&#8221; background_color_gradient_overlays_image=&#8221;on&#8221; background_image=&#8221;https:\/\/armoniadentofacial.com\/en\/wp-content\/uploads\/2021\/03\/ortodoncia-ninos-colombia.jpg&#8221; background_position=&#8221;top_left&#8221; custom_margin=&#8221;||||false|false&#8221; custom_padding=&#8221;101px||248px||false|false&#8221; custom_padding_tablet=&#8221;&#8221; custom_padding_phone=&#8221;8px||8px||true|false&#8221; bottom_divider_style=&#8221;wave2&#8243; background_last_edited=&#8221;on|tablet&#8221; background_position_tablet=&#8221;center&#8221; background_position_phone=&#8221;center&#8221;][et_pb_row column_structure=&#8221;1_2,1_2&#8243; use_custom_gutter=&#8221;on&#8221; make_equal=&#8221;on&#8221; _builder_version=&#8221;4.9.1&#8243; _module_preset=&#8221;default&#8221; width=&#8221;94%&#8221; max_width=&#8221;2307px&#8221;][et_pb_column type=&#8221;1_2&#8243; _builder_version=&#8221;4.9.1&#8243; _module_preset=&#8221;default&#8221;][et_pb_text _builder_version=&#8221;4.9.4&#8243; _module_preset=&#8221;default&#8221; text_font=&#8221;|700|||||||&#8221; text_text_color=&#8221;#FFFFFF&#8221; text_font_size=&#8221;44px&#8221; text_line_height=&#8221;1.2em&#8221; header_font=&#8221;|700||on|||||&#8221; header_text_color=&#8221;#FFFFFF&#8221; header_font_size=&#8221;41px&#8221; custom_margin=&#8221;|162px|||false|false&#8221; custom_margin_tablet=&#8221;&#8221; custom_margin_phone=&#8221;|72px|||false|false&#8221; custom_margin_last_edited=&#8221;on|phone&#8221; header_font_size_tablet=&#8221;&#8221; header_font_size_phone=&#8221;33px&#8221; header_font_size_last_edited=&#8221;on|phone&#8221;]<h1>ULTRA-FAST \nORTHODONTICS<\/h1>[\/et_pb_text][et_pb_divider color=&#8221;#00AEEA&#8221; divider_weight=&#8221;6px&#8221; divider_weight_tablet=&#8221;&#8221; divider_weight_phone=&#8221;4px&#8221; divider_weight_last_edited=&#8221;on|phone&#8221; _builder_version=&#8221;4.9.2&#8243; _module_preset=&#8221;default&#8221; custom_margin=&#8221;-20px|113px|||false|false&#8221; custom_margin_tablet=&#8221;-20px|269px|||false|false&#8221; custom_margin_phone=&#8221;|89px|||false|false&#8221; custom_margin_last_edited=&#8221;on|tablet&#8221;][\/et_pb_divider][\/et_pb_column][et_pb_column type=&#8221;1_2&#8243; _builder_version=&#8221;4.9.1&#8243; _module_preset=&#8221;default&#8221;][\/et_pb_column][\/et_pb_row][\/et_pb_section][et_pb_section fb_built=&#8221;1&#8243; _builder_version=&#8221;4.9.1&#8243; _module_preset=&#8221;default&#8221; custom_padding=&#8221;33px|||||&#8221;][et_pb_row _builder_version=&#8221;4.9.1&#8243; _module_preset=&#8221;default&#8221;][et_pb_column type=&#8221;4_4&#8243; _builder_version=&#8221;4.9.1&#8243; _module_preset=&#8221;default&#8221;][et_pb_text content_tablet=&#8221;&#8221; content_phone=&#8221;<p style=%22text-align: left;%22>En Armon\u00eda Dento Facial te ofrecemos el tratamiento de ortodoncia m\u00e1s adecuado, teniendo en cuenta las necesidades espec\u00edficas de cada uno de nuestros pacientes. Agenda tu cita de valoraci\u00f3n y consultar tu caso con nuestra profesional especializada la Dra. Sandra Galvis , Odont\u00f3loga y Ortodoncista de la Pontificia Universidad Javeriana con m\u00e1s de 25 a\u00f1os de experiencia.<\/p>\n<p>La ortodoncia es una especialidad de la odontolog\u00eda que se encarga del estudio, prevenci\u00f3n, y tratamiento de la posici\u00f3n de los dientes para alinearlos correctamente y de todos los problemas relacionados con la mordida.<\/p>\n<p>Los brackets y la ortodoncia se utilizan para corregir la mordida o cuando se presenta una mal oclusi\u00f3n; es decir en algunos casos, los dientes est\u00e1n derechos, pero el maxilar superior y la inferior no encajan correctamente.<\/p>\n<p>Te esperamos&#8230;<\/p>&#8221; content_last_edited=&#8221;on|desktop&#8221; _builder_version=&#8221;4.9.4&#8243; _module_preset=&#8221;default&#8221; text_font_size=&#8221;16px&#8221;]<p style=\"text-align: center;\"><span style=\"font-weight: 400;\">In Armon\u00eda Dento Facial we offer you the most appropriate orthodontic treatment, taking into account the specific needs of each patient. Schedule your assessment appointment and consult your case with our specialized professional Dr. Sandra Galvis, Dentist and Orthodontist of the Pontificia Universidad Javeriana with more than 25 years of experience and who was also a university professor.<\/span><\/p>\n<p style=\"text-align: center;\"><span style=\"font-weight: 400;\">Orthodontics is a specialty of odontology that deals with the diagnosis, prevention and treatment of dental and maxillofacial malposition in children and adults.<\/span><\/p>\n<p style=\"text-align: center;\"><span style=\"font-weight: 400;\">Malocclusion and tooth loss, at any age, reduce the efficiency of chewing, thus affecting the quality of life. An orthodontic treatment allows to recover the lost function and esthetics.<\/span><\/p>\n<p style=\"text-align: center;\"><span style=\"font-weight: 400;\">We are waiting for you.<\/span><\/p>[\/et_pb_text][\/et_pb_column][\/et_pb_row][et_pb_row column_structure=&#8221;1_3,1_3,1_3&#8243; _builder_version=&#8221;4.9.1&#8243; _module_preset=&#8221;default&#8221;][et_pb_column type=&#8221;1_3&#8243; _builder_version=&#8221;4.9.1&#8243; _module_preset=&#8221;default&#8221;][et_pb_image src=&#8221;https:\/\/armoniadentofacial.com\/en\/wp-content\/uploads\/2021\/04\/medal.png&#8221; title_text=&#8221;medal&#8221; align=&#8221;center&#8221; _builder_version=&#8221;4.9.4&#8243; _module_preset=&#8221;default&#8221;][\/et_pb_image][et_pb_text _builder_version=&#8221;4.9.4&#8243; _module_preset=&#8221;default&#8221;]<p style=\"text-align: center;\"><span>Pioneers in the country.<\/span><\/p>[\/et_pb_text][\/et_pb_column][et_pb_column type=&#8221;1_3&#8243; _builder_version=&#8221;4.9.1&#8243; _module_preset=&#8221;default&#8221;][et_pb_image src=&#8221;https:\/\/armoniadentofacial.com\/en\/wp-content\/uploads\/2021\/04\/delivery-boy.png&#8221; title_text=&#8221;delivery-boy&#8221; align=&#8221;center&#8221; _builder_version=&#8221;4.9.4&#8243; _module_preset=&#8221;default&#8221;][\/et_pb_image][et_pb_text _builder_version=&#8221;4.9.4&#8243; _module_preset=&#8221;default&#8221;]<p style=\"text-align: center;\"><span>Before 2 years, now 7 months or less.<\/span><\/p>[\/et_pb_text][\/et_pb_column][et_pb_column type=&#8221;1_3&#8243; _builder_version=&#8221;4.9.1&#8243; _module_preset=&#8221;default&#8221;][et_pb_image src=&#8221;https:\/\/armoniadentofacial.com\/en\/wp-content\/uploads\/2021\/04\/doctor-2.png&#8221; title_text=&#8221;doctor&#8221; align=&#8221;center&#8221; _builder_version=&#8221;4.9.4&#8243; _module_preset=&#8221;default&#8221;][\/et_pb_image][et_pb_text _builder_version=&#8221;4.9.4&#8243; _module_preset=&#8221;default&#8221;]<p style=\"text-align: center;\"><span>Performed by specialists and specialized orthodontists.<\/span><\/p>[\/et_pb_text][\/et_pb_column][\/et_pb_row][et_pb_row column_structure=&#8221;1_3,1_3,1_3&#8243; _builder_version=&#8221;4.9.1&#8243; _module_preset=&#8221;default&#8221;][et_pb_column type=&#8221;1_3&#8243; _builder_version=&#8221;4.9.1&#8243; _module_preset=&#8221;default&#8221;][et_pb_image src=&#8221;https:\/\/armoniadentofacial.com\/en\/wp-content\/uploads\/2021\/04\/smiling-d.png&#8221; title_text=&#8221;smiling-d&#8221; align=&#8221;center&#8221; _builder_version=&#8221;4.9.4&#8243; _module_preset=&#8221;default&#8221;][\/et_pb_image][et_pb_text _builder_version=&#8221;4.9.4&#8243; _module_preset=&#8221;default&#8221;]<p style=\"text-align: center;\"><span>It includes the latest generation brackets.<\/span><\/p>[\/et_pb_text][\/et_pb_column][et_pb_column type=&#8221;1_3&#8243; _builder_version=&#8221;4.9.1&#8243; _module_preset=&#8221;default&#8221;][et_pb_image src=&#8221;https:\/\/armoniadentofacial.com\/en\/wp-content\/uploads\/2021\/04\/FELIZ.png&#8221; title_text=&#8221;FELIZ&#8221; align=&#8221;center&#8221; _builder_version=&#8221;4.9.4&#8243; _module_preset=&#8221;default&#8221;][\/et_pb_image][et_pb_text _builder_version=&#8221;4.9.4&#8243; _module_preset=&#8221;default&#8221;]<p style=\"text-align: center;\"><span>Microsurgery with minimally invasive technology.\n<\/span><\/p>[\/et_pb_text][\/et_pb_column][et_pb_column type=&#8221;1_3&#8243; _builder_version=&#8221;4.9.1&#8243; _module_preset=&#8221;default&#8221;][et_pb_image src=&#8221;https:\/\/armoniadentofacial.com\/en\/wp-content\/uploads\/2021\/04\/smiling.png&#8221; title_text=&#8221;smiling&#8221; align=&#8221;center&#8221; _builder_version=&#8221;4.9.4&#8243; _module_preset=&#8221;default&#8221;][\/et_pb_image][et_pb_text _builder_version=&#8221;4.9.4&#8243; _module_preset=&#8221;default&#8221;]<p style=\"text-align: center;\"><span>IV sedation.<\/span><\/p>[\/et_pb_text][\/et_pb_column][\/et_pb_row][\/et_pb_section][et_pb_section fb_built=&#8221;1&#8243; _builder_version=&#8221;4.9.1&#8243; _module_preset=&#8221;default&#8221; custom_padding=&#8221;0px||13px|||&#8221;][et_pb_row _builder_version=&#8221;4.9.1&#8243; _module_preset=&#8221;default&#8221;][et_pb_column type=&#8221;4_4&#8243; _builder_version=&#8221;4.9.1&#8243; _module_preset=&#8221;default&#8221;][et_pb_text _builder_version=&#8221;4.9.4&#8243; _module_preset=&#8221;default&#8221; header_3_font=&#8221;|700|||||||&#8221; custom_margin=&#8221;||11px|||&#8221;]<h3><span>Orthodontics For Children:<\/span><\/h3>[\/et_pb_text][et_pb_text _builder_version=&#8221;4.9.4&#8243; _module_preset=&#8221;default&#8221; text_font_size=&#8221;16px&#8221;]<p>At our clinic your child is seen individually by an orthodontist trained in early treatment.<\/p>[\/et_pb_text][\/et_pb_column][\/et_pb_row][et_pb_row _builder_version=&#8221;4.9.1&#8243; _module_preset=&#8221;default&#8221;][et_pb_column type=&#8221;4_4&#8243; _builder_version=&#8221;4.9.1&#8243; _module_preset=&#8221;default&#8221;][et_pb_text _builder_version=&#8221;4.9.4&#8243; _module_preset=&#8221;default&#8221; header_3_font=&#8221;|700|||||||&#8221; custom_margin=&#8221;||11px|||&#8221;]<h3><span>Conventional Orthodontics<\/span><\/h3>[\/et_pb_text][et_pb_text _builder_version=&#8221;4.9.4&#8243; _module_preset=&#8221;default&#8221; text_font_size=&#8221;16px&#8221;]<p>Performed by an orthodontist trained in interceptive, corrective and pre-surgical treatment.<\/p>[\/et_pb_text][\/et_pb_column][\/et_pb_row][et_pb_row _builder_version=&#8221;4.9.1&#8243; _module_preset=&#8221;default&#8221;][et_pb_column type=&#8221;4_4&#8243; _builder_version=&#8221;4.9.1&#8243; _module_preset=&#8221;default&#8221;][et_pb_button button_url=&#8221;https:\/\/api.whatsapp.com\/send?phone=573164637076&#038;text=Buen%20d%C3%ADa,%20estoy%20interesado(a)%20en%20un%20implante%20de%20carga%20inmediata&#8221; url_new_window=&#8221;on&#8221; button_text=&#8221;Contact Us&#8221; button_alignment=&#8221;center&#8221; _builder_version=&#8221;4.9.4&#8243; _module_preset=&#8221;default&#8221; custom_button=&#8221;on&#8221; button_text_color=&#8221;#292C7E&#8221; button_border_radius=&#8221;100px&#8221; button_text_size_tablet=&#8221;&#8221; button_text_size_phone=&#8221;16px&#8221; button_text_size_last_edited=&#8221;on|phone&#8221;][\/et_pb_button][\/et_pb_column][\/et_pb_row][et_pb_row disabled_on=&#8221;off|off|on&#8221; _builder_version=&#8221;4.9.4&#8243; _module_preset=&#8221;default&#8221; z_index=&#8221;109&#8243; saved_tabs=&#8221;all&#8221; global_module=&#8221;1032&#8243;][et_pb_column type=&#8221;4_4&#8243; _builder_version=&#8221;4.9.4&#8243; _module_preset=&#8221;default&#8221;][et_pb_code _builder_version=&#8221;4.9.4&#8243; _module_preset=&#8221;default&#8221;]<!DOCTYPE html><!-- [et_pb_line_break_holder] --><html lang=\"en\"><!-- [et_pb_line_break_holder] --><head><!-- [et_pb_line_break_holder] -->    <meta charset=\"UTF-8\"><!-- [et_pb_line_break_holder] -->    <meta name=\"viewport\" content=\"width=device-width, initial-scale=1.0\"><!-- [et_pb_line_break_holder] -->    <meta http-equiv=\"X-UA-Compatible\" content=\"ie=edge\"><!-- [et_pb_line_break_holder] -->    <title>Document<\/title><!-- [et_pb_line_break_holder] -->    <style><!-- [et_pb_line_break_holder] -->    .icono{<!-- [et_pb_line_break_holder] -->        width: 30px;<!-- [et_pb_line_break_holder] -->    }<!-- [et_pb_line_break_holder] -->    .pc-social-sidebar {<!-- [et_pb_line_break_holder] -->        position: fixed;<!-- [et_pb_line_break_holder] -->        left: 0;<!-- [et_pb_line_break_holder] -->        top: 45%;<!-- [et_pb_line_break_holder] -->        z-index: 99999;<!-- [et_pb_line_break_holder] -->    }<!-- [et_pb_line_break_holder] -->    .pc-social-icon {<!-- [et_pb_line_break_holder] -->        display: flex;<!-- [et_pb_line_break_holder] -->        align-items: center;<!-- [et_pb_line_break_holder] -->        justify-content: center;<!-- [et_pb_line_break_holder] -->        height: 50px;<!-- [et_pb_line_break_holder] -->        font-size: 25px;<!-- [et_pb_line_break_holder] -->        transition: 1s ease;<!-- [et_pb_line_break_holder] -->        width: 50px;<!-- [et_pb_line_break_holder] -->        font-family:Verdana, Geneva, Tahoma, sans-serif;<!-- [et_pb_line_break_holder] -->        font-size: 15px;<!-- [et_pb_line_break_holder] -->    }<!-- [et_pb_line_break_holder] -->    .texto-icono{<!-- [et_pb_line_break_holder] -->        display: none;<!-- [et_pb_line_break_holder] -->    }<!-- [et_pb_line_break_holder] --><!-- [et_pb_line_break_holder] -->    .pc-social-sidebar a{<!-- [et_pb_line_break_holder] -->        text-decoration: none;<!-- [et_pb_line_break_holder] -->    }<!-- [et_pb_line_break_holder] --><!-- [et_pb_line_break_holder] -->    .iconid:hover {<!-- [et_pb_line_break_holder] -->        width: 135px;<!-- [et_pb_line_break_holder] -->        -webkit-box-shadow: 10px 2px 14px 1px rgba(84,79,84,0.5);<!-- [et_pb_line_break_holder] -->        -moz-box-shadow: 10px 2px 14px 1px rgba(84,79,84,0.5);<!-- [et_pb_line_break_holder] -->        box-shadow: 10px 2px 14px 1px rgba(84,79,84,0.5);<!-- [et_pb_line_break_holder] -->    }<!-- [et_pb_line_break_holder] -->    .iconid:hover .texto-icono {<!-- [et_pb_line_break_holder] -->        display: inline-block;<!-- [et_pb_line_break_holder] -->    } <!-- [et_pb_line_break_holder] -->    .iconid:hover .icono {<!-- [et_pb_line_break_holder] -->        display: none;<!-- [et_pb_line_break_holder] -->    } <!-- [et_pb_line_break_holder] --><!-- [et_pb_line_break_holder] --><\/style><!-- [et_pb_line_break_holder] --><\/head><!-- [et_pb_line_break_holder] --><body data-rsssl=1 style=\"background-color:rgba(255,255,255,0);\"><!-- [et_pb_line_break_holder] -->    <div class=\"pc-social-sidebar\"><!-- [et_pb_line_break_holder] -->      <a href=\"https:\/\/armoniadentofacial.com\/\" target=\"_blank\" rel=\"noopener noreferrer\"><!-- [et_pb_line_break_holder] -->            <div class=\"pc-social-icon iconid\" style=\"background-color:#e5e8e9; color:#ffffff;\"><!-- [et_pb_line_break_holder] -->                <img class=\"icono\" src=\"https:\/\/armoniadentofacial.com\/en\/wp-content\/uploads\/2021\/05\/colombia-1.png\" alt=\"\"><!-- [et_pb_line_break_holder] -->                <pee class=\"texto-icono\">Micr\u00f3fonos<\/pee><!-- [et_pb_line_break_holder] -->            <\/div> <!-- [et_pb_line_break_holder] -->        <\/a>     <!-- [et_pb_line_break_holder] -->        <a href=\"https:\/\/armoniadentofacial.com\/en\" target=\"_blank\" rel=\"noopener noreferrer\"><!-- [et_pb_line_break_holder] -->            <div class=\"pc-social-icon iconid\" style=\"background-color:#b2b6b8; color:#ffffff;\"><!-- [et_pb_line_break_holder] -->                <img class=\"icono\" src=\"https:\/\/armoniadentofacial.com\/en\/wp-content\/uploads\/2021\/05\/estados-unidos-1.png\" alt=\"\"><!-- [et_pb_line_break_holder] -->                <pee class=\"texto-icono\">Ergonom\u00eda<\/pee><!-- [et_pb_line_break_holder] -->            <\/div> <!-- [et_pb_line_break_holder] -->        <\/a>    <!-- [et_pb_line_break_holder] -->    <\/div>    <!-- [et_pb_line_break_holder] --><\/body><!-- [et_pb_line_break_holder] --><\/html>[\/et_pb_code][\/et_pb_column][\/et_pb_row][\/et_pb_section]\n","protected":false},"excerpt":{"rendered":"<p>ULTRA-FAST ORTHODONTICSIn Armon\u00eda Dento Facial we offer you the most appropriate orthodontic treatment, taking into account the specific needs of each patient. Schedule your assessment appointment and consult your case with our specialized professional Dr. Sandra Galvis, Dentist and Orthodontist of the Pontificia Universidad Javeriana with more than 25 years of experience and who was [&hellip;]<\/p>\n","protected":false},"author":1,"featured_media":750,"parent":0,"menu_order":0,"comment_status":"closed","ping_status":"closed","template":"","meta":{"_et_pb_use_builder":"on","_et_pb_old_content":"","_et_gb_content_width":"","_joinchat":[]},"yoast_head":"<!-- This site is optimized with the Yoast SEO plugin v19.0 - https:\/\/yoast.com\/wordpress\/plugins\/seo\/ -->\n<title>Orthodontics - Armonia Dento Facial<\/title>\n<meta name=\"description\" content=\"In Armon\u00eda Dento Facial we offer you the most appropriate orthodontic treatment, taking into account the specific needs of each patient.\" \/>\n<meta name=\"robots\" content=\"index, follow, max-snippet:-1, max-image-preview:large, max-video-preview:-1\" \/>\n<link rel=\"canonical\" href=\"https:\/\/armoniadentofacial.com\/en\/orthodontics\/\" \/>\n<meta property=\"og:locale\" content=\"en_US\" \/>\n<meta property=\"og:type\" content=\"article\" \/>\n<meta property=\"og:title\" content=\"Orthodontics - Armonia Dento Facial\" \/>\n<meta property=\"og:description\" content=\"In Armon\u00eda Dento Facial we offer you the most appropriate orthodontic treatment, taking into account the specific needs of each patient.\" \/>\n<meta property=\"og:url\" content=\"https:\/\/armoniadentofacial.com\/en\/orthodontics\/\" \/>\n<meta property=\"og:site_name\" content=\"Armonia Dento Facial\" \/>\n<meta property=\"article:modified_time\" content=\"2021-05-08T00:38:14+00:00\" \/>\n<meta property=\"og:image\" content=\"https:\/\/armoniadentofacial.com\/en\/wp-content\/uploads\/2021\/04\/dr.jpg\" \/>\n\t<meta property=\"og:image:width\" content=\"917\" \/>\n\t<meta property=\"og:image:height\" content=\"918\" \/>\n\t<meta property=\"og:image:type\" content=\"image\/jpeg\" \/>\n<meta name=\"twitter:card\" content=\"summary_large_image\" \/>\n<meta name=\"twitter:label1\" content=\"Est. reading time\" \/>\n\t<meta name=\"twitter:data1\" content=\"4 minutes\" \/>\n<script type=\"application\/ld+json\" class=\"yoast-schema-graph\">{\"@context\":\"https:\/\/schema.org\",\"@graph\":[{\"@type\":\"WebSite\",\"@id\":\"https:\/\/armoniadentofacial.com\/en\/#website\",\"url\":\"https:\/\/armoniadentofacial.com\/en\/\",\"name\":\"Armonia Dento Facial\",\"description\":\"Implantes Dentales en 72 Horas\",\"potentialAction\":[{\"@type\":\"SearchAction\",\"target\":{\"@type\":\"EntryPoint\",\"urlTemplate\":\"https:\/\/armoniadentofacial.com\/en\/?s={search_term_string}\"},\"query-input\":\"required name=search_term_string\"}],\"inLanguage\":\"en-US\"},{\"@type\":\"ImageObject\",\"inLanguage\":\"en-US\",\"@id\":\"https:\/\/armoniadentofacial.com\/en\/orthodontics\/#primaryimage\",\"url\":\"https:\/\/armoniadentofacial.com\/en\/wp-content\/uploads\/2021\/04\/dr.jpg\",\"contentUrl\":\"https:\/\/armoniadentofacial.com\/en\/wp-content\/uploads\/2021\/04\/dr.jpg\",\"width\":917,\"height\":918},{\"@type\":\"WebPage\",\"@id\":\"https:\/\/armoniadentofacial.com\/en\/orthodontics\/#webpage\",\"url\":\"https:\/\/armoniadentofacial.com\/en\/orthodontics\/\",\"name\":\"Orthodontics - Armonia Dento Facial\",\"isPartOf\":{\"@id\":\"https:\/\/armoniadentofacial.com\/en\/#website\"},\"primaryImageOfPage\":{\"@id\":\"https:\/\/armoniadentofacial.com\/en\/orthodontics\/#primaryimage\"},\"datePublished\":\"2021-03-17T05:32:37+00:00\",\"dateModified\":\"2021-05-08T00:38:14+00:00\",\"description\":\"In Armon\u00eda Dento Facial we offer you the most appropriate orthodontic treatment, taking into account the specific needs of each patient.\",\"breadcrumb\":{\"@id\":\"https:\/\/armoniadentofacial.com\/en\/orthodontics\/#breadcrumb\"},\"inLanguage\":\"en-US\",\"potentialAction\":[{\"@type\":\"ReadAction\",\"target\":[\"https:\/\/armoniadentofacial.com\/en\/orthodontics\/\"]}]},{\"@type\":\"BreadcrumbList\",\"@id\":\"https:\/\/armoniadentofacial.com\/en\/orthodontics\/#breadcrumb\",\"itemListElement\":[{\"@type\":\"ListItem\",\"position\":1,\"name\":\"Home\",\"item\":\"https:\/\/armoniadentofacial.com\/en\/\"},{\"@type\":\"ListItem\",\"position\":2,\"name\":\"Orthodontics\"}]}]}<\/script>\n<!-- \/ Yoast SEO plugin. -->","yoast_head_json":{"title":"Orthodontics - Armonia Dento Facial","description":"In Armon\u00eda Dento Facial we offer you the most appropriate orthodontic treatment, taking into account the specific needs of each patient.","robots":{"index":"index","follow":"follow","max-snippet":"max-snippet:-1","max-image-preview":"max-image-preview:large","max-video-preview":"max-video-preview:-1"},"canonical":"https:\/\/armoniadentofacial.com\/en\/orthodontics\/","og_locale":"en_US","og_type":"article","og_title":"Orthodontics - Armonia Dento Facial","og_description":"In Armon\u00eda Dento Facial we offer you the most appropriate orthodontic treatment, taking into account the specific needs of each patient.","og_url":"https:\/\/armoniadentofacial.com\/en\/orthodontics\/","og_site_name":"Armonia Dento Facial","article_modified_time":"2021-05-08T00:38:14+00:00","og_image":[{"width":917,"height":918,"url":"https:\/\/armoniadentofacial.com\/en\/wp-content\/uploads\/2021\/04\/dr.jpg","type":"image\/jpeg"}],"twitter_card":"summary_large_image","twitter_misc":{"Est. reading time":"4 minutes"},"schema":{"@context":"https:\/\/schema.org","@graph":[{"@type":"WebSite","@id":"https:\/\/armoniadentofacial.com\/en\/#website","url":"https:\/\/armoniadentofacial.com\/en\/","name":"Armonia Dento Facial","description":"Implantes Dentales en 72 Horas","potentialAction":[{"@type":"SearchAction","target":{"@type":"EntryPoint","urlTemplate":"https:\/\/armoniadentofacial.com\/en\/?s={search_term_string}"},"query-input":"required name=search_term_string"}],"inLanguage":"en-US"},{"@type":"ImageObject","inLanguage":"en-US","@id":"https:\/\/armoniadentofacial.com\/en\/orthodontics\/#primaryimage","url":"https:\/\/armoniadentofacial.com\/en\/wp-content\/uploads\/2021\/04\/dr.jpg","contentUrl":"https:\/\/armoniadentofacial.com\/en\/wp-content\/uploads\/2021\/04\/dr.jpg","width":917,"height":918},{"@type":"WebPage","@id":"https:\/\/armoniadentofacial.com\/en\/orthodontics\/#webpage","url":"https:\/\/armoniadentofacial.com\/en\/orthodontics\/","name":"Orthodontics - Armonia Dento Facial","isPartOf":{"@id":"https:\/\/armoniadentofacial.com\/en\/#website"},"primaryImageOfPage":{"@id":"https:\/\/armoniadentofacial.com\/en\/orthodontics\/#primaryimage"},"datePublished":"2021-03-17T05:32:37+00:00","dateModified":"2021-05-08T00:38:14+00:00","description":"In Armon\u00eda Dento Facial we offer you the most appropriate orthodontic treatment, taking into account the specific needs of each patient.","breadcrumb":{"@id":"https:\/\/armoniadentofacial.com\/en\/orthodontics\/#breadcrumb"},"inLanguage":"en-US","potentialAction":[{"@type":"ReadAction","target":["https:\/\/armoniadentofacial.com\/en\/orthodontics\/"]}]},{"@type":"BreadcrumbList","@id":"https:\/\/armoniadentofacial.com\/en\/orthodontics\/#breadcrumb","itemListElement":[{"@type":"ListItem","position":1,"name":"Home","item":"https:\/\/armoniadentofacial.com\/en\/"},{"@type":"ListItem","position":2,"name":"Orthodontics"}]}]}},"_links":{"self":[{"href":"https:\/\/armoniadentofacial.com\/en\/wp-json\/wp\/v2\/pages\/278"}],"collection":[{"href":"https:\/\/armoniadentofacial.com\/en\/wp-json\/wp\/v2\/pages"}],"about":[{"href":"https:\/\/armoniadentofacial.com\/en\/wp-json\/wp\/v2\/types\/page"}],"author":[{"embeddable":true,"href":"https:\/\/armoniadentofacial.com\/en\/wp-json\/wp\/v2\/users\/1"}],"replies":[{"embeddable":true,"href":"https:\/\/armoniadentofacial.com\/en\/wp-json\/wp\/v2\/comments?post=278"}],"version-history":[{"count":23,"href":"https:\/\/armoniadentofacial.com\/en\/wp-json\/wp\/v2\/pages\/278\/revisions"}],"predecessor-version":[{"id":1122,"href":"https:\/\/armoniadentofacial.com\/en\/wp-json\/wp\/v2\/pages\/278\/revisions\/1122"}],"wp:featuredmedia":[{"embeddable":true,"href":"https:\/\/armoniadentofacial.com\/en\/wp-json\/wp\/v2\/media\/750"}],"wp:attachment":[{"href":"https:\/\/armoniadentofacial.com\/en\/wp-json\/wp\/v2\/media?parent=278"}],"curies":[{"name":"wp","href":"https:\/\/api.w.org\/{rel}","templated":true}]}}